{"id":1839,"date":"2021-06-24T03:27:30","date_gmt":"2021-06-24T03:27:30","guid":{"rendered":"https:\/\/caritaskongolo.org\/wp\/?page_id=1839"},"modified":"2021-06-24T03:27:30","modified_gmt":"2021-06-24T03:27:30","slug":"nos-objectifs","status":"publish","type":"page","link":"https:\/\/caritaskongolo.org\/wp\/?page_id=1839","title":{"rendered":"NOS OBJECTIFS"},"content":{"rendered":"<p>[vc_row][vc_column][vc_column_text dp_text_size=\u00a0\u00bbsize-4&Prime;]<strong>Sur le plan des urgences et social (BDUS)<\/strong><\/p>\n<ol>\n<li>Eveiller la conscience de tous les hommes de bonne volont\u00e9 pour le devoir de charit\u00e9;<\/li>\n<li>Eduquer les chr\u00e9tiens et les hommes de bonne volont\u00e9 \u00e0 l\u2019entraide, \u00e0 la solidarit\u00e9, au partage et \u00e0 l\u2019autopromotion;<\/li>\n<li>Amener progressivement les chr\u00e9tiens et les hommes de bonne volont\u00e9 \u00e0 faire ce qui est en leur pouvoir pour subvenir aux besoins de leurs proches, des indigents de leurs communaut\u00e9s ou des communaut\u00e9s plus \u00e9loign\u00e9es en RDC et \u00e0 l\u2019\u00e9tranger ; Organiser des interventions caritatives en cas d\u2019urgences..<\/li>\n<\/ol>\n<p><strong>Sur le plan de\u00a0 la sant\u00e9 (BDOM)<\/strong><\/p>\n<ol>\n<li>\u00a0Mener des actions pr\u00e9ventives, curatives et promotionnelles en mati\u00e8re de sant\u00e9, de mani\u00e8re rationnelle et efficace ;<\/li>\n<li>Assurer la gestion des formations m\u00e9dicales et m\u00e9dico-sociales confi\u00e9es au Dioc\u00e8se conform\u00e9ment aux normes de la politique sanitaire de la RDC ;<\/li>\n<li>Assurer le fonctionnement de la pharmacie dioc\u00e9saine ;<\/li>\n<li>Assurer la promotion des mutuelles de sant\u00e9 ;<\/li>\n<li>Assurer l\u2019approvisionnement des structures sanitaires en mat\u00e9riels et m\u00e9dicaments essentiels par le biais de la pharmacie dioc\u00e9saine ;<\/li>\n<li>Mener des actions dans le cadre de la lutte et la protection contre les \u00e9pid\u00e9mies les IST- VIH\/SIDA et les autres end\u00e9mies locales ;<\/li>\n<li>Mettre en place des m\u00e9canismes favorisant l\u2019accessibilit\u00e9 des indigents aux soins de sant\u00e9 (mutuelle de sant\u00e9, fonds d\u2019\u00e9quit\u00e9\u2026) ;<\/li>\n<li>Promouvoir des comportements li\u00e9s \u00e0 l\u2019eau, hygi\u00e8ne et assainissement.<\/li>\n<\/ol>\n<p><strong>Sur le plan du d\u00e9veloppement (BDD)<\/strong><\/p>\n<ol>\n<li>Etudier les probl\u00e8mes de d\u00e9veloppement int\u00e9gral;<\/li>\n<li>Participer \u00e0 la conscientisation, \u00e0 la formation, \u00e0 l\u2019\u00e9ducation des adultes ;<\/li>\n<li>Participer \u00e0 la promotion des initiatives de d\u00e9veloppement endog\u00e8ne et accompagner des initiatives d\u2019autopromotion ;<\/li>\n<li>Offrir une expertise technique pour la ma\u00eetrise de la r\u00e9alisation des projets ou des programmes de d\u00e9veloppement ;<\/li>\n<li>Soutenir les initiatives pour la promotion f\u00e9minine<\/li>\n<\/ol>\n<p>[\/vc_column_text][\/vc_column][\/vc_row]<\/p>\n","protected":false},"excerpt":{"rendered":"<p>[vc_row][vc_column][vc_column_text dp_text_size=\u00a0\u00bbsize-4&Prime;]Sur le plan des urgences et social (BDUS) Eveiller la conscience de tous les hommes de bonne volont\u00e9 pour le devoir de charit\u00e9; Eduquer les chr\u00e9tiens et les hommes de bonne volont\u00e9 \u00e0 l\u2019entraide, \u00e0 la solidarit\u00e9, au partage et \u00e0 l\u2019autopromotion; Amener progressivement les chr\u00e9tiens et les hommes de bonne volont\u00e9 \u00e0 faire<\/p>\n","protected":false},"author":1,"featured_media":0,"parent":0,"menu_order":0,"comment_status":"closed","ping_status":"closed","template":"","meta":{"ngg_post_thumbnail":0,"footnotes":""},"class_list":["post-1839","page","type-page","status-publish"],"amp_enabled":true,"_links":{"self":[{"href":"https:\/\/caritaskongolo.org\/wp\/index.php?rest_route=\/wp\/v2\/pages\/1839","targetHints":{"allow":["GET"]}}],"collection":[{"href":"https:\/\/caritaskongolo.org\/wp\/index.php?rest_route=\/wp\/v2\/pages"}],"about":[{"href":"https:\/\/caritaskongolo.org\/wp\/index.php?rest_route=\/wp\/v2\/types\/page"}],"author":[{"embeddable":true,"href":"https:\/\/caritaskongolo.org\/wp\/index.php?rest_route=\/wp\/v2\/users\/1"}],"replies":[{"embeddable":true,"href":"https:\/\/caritaskongolo.org\/wp\/index.php?rest_route=%2Fwp%2Fv2%2Fcomments&post=1839"}],"version-history":[{"count":1,"href":"https:\/\/caritaskongolo.org\/wp\/index.php?rest_route=\/wp\/v2\/pages\/1839\/revisions"}],"predecessor-version":[{"id":1840,"href":"https:\/\/caritaskongolo.org\/wp\/index.php?rest_route=\/wp\/v2\/pages\/1839\/revisions\/1840"}],"wp:attachment":[{"href":"https:\/\/caritaskongolo.org\/wp\/index.php?rest_route=%2Fwp%2Fv2%2Fmedia&parent=1839"}],"curies":[{"name":"wp","href":"https:\/\/api.w.org\/{rel}","templated":true}]}}